{"id":175,"date":"2018-10-25T05:25:16","date_gmt":"2018-10-25T05:25:16","guid":{"rendered":"http:\/\/www.cliniquerenversante.com\/?page_id=175"},"modified":"2018-11-07T10:29:45","modified_gmt":"2018-11-07T15:29:45","slug":"actualite-renversante","status":"publish","type":"page","link":"https:\/\/www.cliniquerenversante.com\/index.php\/actualite-renversante\/","title":{"rendered":"Actualit\u00e9 renversante"},"content":{"rendered":"\t\t<div data-elementor-type=\"wp-post\" data-elementor-id=\"175\" class=\"elementor elementor-175 elementor-bc-flex-widget\" data-elementor-post-type=\"page\">\n\t\t\t\t\t\t<section class=\"elementor-section elementor-top-section elementor-element elementor-element-097d91d elementor-section-boxed elementor-section-height-default elementor-section-height-default\" data-id=\"097d91d\" data-element_type=\"section\">\n\t\t\t\t\t\t<div class=\"elementor-container elementor-column-gap-default\">\n\t\t\t\t\t<div class=\"elementor-column elementor-col-100 elementor-top-column elementor-element elementor-element-d5eeb88\" data-id=\"d5eeb88\" data-element_type=\"column\">\n\t\t\t<div class=\"elementor-widget-wrap elementor-element-populated\">\n\t\t\t\t\t\t<div class=\"elementor-element elementor-element-120a825 elementor-grid-3 elementor-grid-tablet-2 elementor-grid-mobile-1 elementor-posts--thumbnail-top elementor-card-shadow-yes elementor-posts__hover-gradient elementor-widget elementor-widget-posts\" data-id=\"120a825\" data-element_type=\"widget\" data-settings=\"{&quot;pagination_type&quot;:&quot;prev_next&quot;,&quot;cards_columns&quot;:&quot;3&quot;,&quot;cards_columns_tablet&quot;:&quot;2&quot;,&quot;cards_columns_mobile&quot;:&quot;1&quot;,&quot;cards_row_gap&quot;:{&quot;unit&quot;:&quot;px&quot;,&quot;size&quot;:35,&quot;sizes&quot;:[]},&quot;cards_row_gap_tablet&quot;:{&quot;unit&quot;:&quot;px&quot;,&quot;size&quot;:&quot;&quot;,&quot;sizes&quot;:[]},&quot;cards_row_gap_mobile&quot;:{&quot;unit&quot;:&quot;px&quot;,&quot;size&quot;:&quot;&quot;,&quot;sizes&quot;:[]}}\" data-widget_type=\"posts.cards\">\n\t\t\t\t<div class=\"elementor-widget-container\">\n\t\t\t\t\t\t\t<div class=\"elementor-posts-container elementor-posts elementor-posts--skin-cards elementor-grid\" role=\"list\">\n\t\t\t\t<article class=\"elementor-post elementor-grid-item post-135 post type-post status-publish format-standard has-post-thumbnail hentry category-recettes\" role=\"listitem\">\n\t\t\t<div class=\"elementor-post__card\">\n\t\t\t\t<a class=\"elementor-post__thumbnail__link\" href=\"https:\/\/www.cliniquerenversante.com\/index.php\/2018\/10\/24\/newtella-aux-haricots-noirs\/\" tabindex=\"-1\" ><div class=\"elementor-post__thumbnail\"><img fetchpriority=\"high\" decoding=\"async\" width=\"768\" height=\"401\" src=\"https:\/\/www.cliniquerenversante.com\/wp-content\/uploads\/2018\/10\/faux-nutella2-768x401.jpg\" class=\"attachment-medium_large size-medium_large wp-image-136\" alt=\"\" srcset=\"https:\/\/www.cliniquerenversante.com\/wp-content\/uploads\/2018\/10\/faux-nutella2-768x401.jpg 768w, https:\/\/www.cliniquerenversante.com\/wp-content\/uploads\/2018\/10\/faux-nutella2-300x157.jpg 300w, https:\/\/www.cliniquerenversante.com\/wp-content\/uploads\/2018\/10\/faux-nutella2.jpg 805w\" sizes=\"(max-width: 768px) 100vw, 768px\" \/><\/div><\/a>\n\t\t\t\t<div class=\"elementor-post__badge\">Recettes<\/div>\n\t\t\t\t<div class=\"elementor-post__text\">\n\t\t\t\t<h3 class=\"elementor-post__title\">\n\t\t\t<a href=\"https:\/\/www.cliniquerenversante.com\/index.php\/2018\/10\/24\/newtella-aux-haricots-noirs\/\" >\n\t\t\t\t\u00ab Newtella \u00bb aux haricots noirs\t\t\t<\/a>\n\t\t<\/h3>\n\t\t\t\t<div class=\"elementor-post__excerpt\">\n\t\t\t<p>Un faux \u00ab nutella \u00bb \u00e0 base d\u2019haricots noirs, tout \u00e0 fait sant\u00e9, d\u00e9licieux et facile \u00e0 r\u00e9aliser ? Oh que oui ! La version<\/p>\n\t\t<\/div>\n\t\t\n\t\t<a class=\"elementor-post__read-more\" href=\"https:\/\/www.cliniquerenversante.com\/index.php\/2018\/10\/24\/newtella-aux-haricots-noirs\/\" aria-label=\"Read more about \u00ab Newtella \u00bb aux haricots noirs\" tabindex=\"-1\" >\n\t\t\tLire \u00bb\t\t<\/a>\n\n\t\t\t\t<\/div>\n\t\t\t\t<div class=\"elementor-post__meta-data\">\n\t\t\t\t\t<span class=\"elementor-post-date\">\n\t\t\t24 octobre 2018\t\t<\/span>\n\t\t\t\t<\/div>\n\t\t\t\t\t<\/div>\n\t\t<\/article>\n\t\t\t\t<\/div>\n\t\t\n\t\t\t\t\t\t<\/div>\n\t\t\t\t<\/div>\n\t\t\t\t\t<\/div>\n\t\t<\/div>\n\t\t\t\t\t<\/div>\n\t\t<\/section>\n\t\t\t\t<\/div>\n\t\t","protected":false},"excerpt":{"rendered":"","protected":false},"author":2,"featured_media":183,"parent":0,"menu_order":0,"comment_status":"closed","ping_status":"closed","template":"","meta":{"footnotes":""},"class_list":["post-175","page","type-page","status-publish","has-post-thumbnail","hentry"],"yoast_head":"<!-- This site is optimized with the Yoast SEO plugin v26.6 - https:\/\/yoast.com\/wordpress\/plugins\/seo\/ -->\n<title>Actualit\u00e9 renversante - Clinique Renversante d&#039;Anne-Marie Roy<\/title>\n<meta name=\"robots\" content=\"index, follow, max-snippet:-1, max-image-preview:large, max-video-preview:-1\" \/>\n<link rel=\"canonical\" href=\"https:\/\/www.cliniquerenversante.com\/index.php\/actualite-renversante\/\" \/>\n<meta property=\"og:locale\" content=\"fr_CA\" \/>\n<meta property=\"og:type\" content=\"article\" \/>\n<meta property=\"og:title\" content=\"Actualit\u00e9 renversante - Clinique Renversante d&#039;Anne-Marie Roy\" \/>\n<meta property=\"og:url\" content=\"https:\/\/www.cliniquerenversante.com\/index.php\/actualite-renversante\/\" \/>\n<meta property=\"og:site_name\" content=\"Clinique Renversante d&#039;Anne-Marie Roy\" \/>\n<meta property=\"article:publisher\" content=\"https:\/\/www.facebook.com\/cliniquerenversante\" \/>\n<meta property=\"article:modified_time\" content=\"2018-11-07T15:29:45+00:00\" \/>\n<meta property=\"og:image\" content=\"https:\/\/www.cliniquerenversante.com\/wp-content\/uploads\/2018\/10\/poivron_web.png\" \/>\n\t<meta property=\"og:image:width\" content=\"612\" \/>\n\t<meta property=\"og:image:height\" content=\"334\" \/>\n\t<meta property=\"og:image:type\" content=\"image\/png\" \/>\n<meta name=\"twitter:card\" content=\"summary_large_image\" \/>\n<script type=\"application\/ld+json\" class=\"yoast-schema-graph\">{\"@context\":\"https:\/\/schema.org\",\"@graph\":[{\"@type\":\"WebPage\",\"@id\":\"https:\/\/www.cliniquerenversante.com\/index.php\/actualite-renversante\/\",\"url\":\"https:\/\/www.cliniquerenversante.com\/index.php\/actualite-renversante\/\",\"name\":\"Actualit\u00e9 renversante - Clinique Renversante d&#039;Anne-Marie Roy\",\"isPartOf\":{\"@id\":\"https:\/\/www.cliniquerenversante.com\/#website\"},\"primaryImageOfPage\":{\"@id\":\"https:\/\/www.cliniquerenversante.com\/index.php\/actualite-renversante\/#primaryimage\"},\"image\":{\"@id\":\"https:\/\/www.cliniquerenversante.com\/index.php\/actualite-renversante\/#primaryimage\"},\"thumbnailUrl\":\"https:\/\/www.cliniquerenversante.com\/wp-content\/uploads\/2018\/10\/poivron_web.png\",\"datePublished\":\"2018-10-25T05:25:16+00:00\",\"dateModified\":\"2018-11-07T15:29:45+00:00\",\"breadcrumb\":{\"@id\":\"https:\/\/www.cliniquerenversante.com\/index.php\/actualite-renversante\/#breadcrumb\"},\"inLanguage\":\"fr-CA\",\"potentialAction\":[{\"@type\":\"ReadAction\",\"target\":[\"https:\/\/www.cliniquerenversante.com\/index.php\/actualite-renversante\/\"]}]},{\"@type\":\"ImageObject\",\"inLanguage\":\"fr-CA\",\"@id\":\"https:\/\/www.cliniquerenversante.com\/index.php\/actualite-renversante\/#primaryimage\",\"url\":\"https:\/\/www.cliniquerenversante.com\/wp-content\/uploads\/2018\/10\/poivron_web.png\",\"contentUrl\":\"https:\/\/www.cliniquerenversante.com\/wp-content\/uploads\/2018\/10\/poivron_web.png\",\"width\":612,\"height\":334},{\"@type\":\"BreadcrumbList\",\"@id\":\"https:\/\/www.cliniquerenversante.com\/index.php\/actualite-renversante\/#breadcrumb\",\"itemListElement\":[{\"@type\":\"ListItem\",\"position\":1,\"name\":\"Accueil\",\"item\":\"https:\/\/www.cliniquerenversante.com\/\"},{\"@type\":\"ListItem\",\"position\":2,\"name\":\"Actualit\u00e9 renversante\"}]},{\"@type\":\"WebSite\",\"@id\":\"https:\/\/www.cliniquerenversante.com\/#website\",\"url\":\"https:\/\/www.cliniquerenversante.com\/\",\"name\":\"Clinique Renversante d'Anne-Marie Roy\",\"description\":\"\",\"publisher\":{\"@id\":\"https:\/\/www.cliniquerenversante.com\/#organization\"},\"potentialAction\":[{\"@type\":\"SearchAction\",\"target\":{\"@type\":\"EntryPoint\",\"urlTemplate\":\"https:\/\/www.cliniquerenversante.com\/?s={search_term_string}\"},\"query-input\":{\"@type\":\"PropertyValueSpecification\",\"valueRequired\":true,\"valueName\":\"search_term_string\"}}],\"inLanguage\":\"fr-CA\"},{\"@type\":\"Organization\",\"@id\":\"https:\/\/www.cliniquerenversante.com\/#organization\",\"name\":\"Clinique Renversante d'Anne-Marie Roy\",\"url\":\"https:\/\/www.cliniquerenversante.com\/\",\"logo\":{\"@type\":\"ImageObject\",\"inLanguage\":\"fr-CA\",\"@id\":\"https:\/\/www.cliniquerenversante.com\/#\/schema\/logo\/image\/\",\"url\":\"https:\/\/www.cliniquerenversante.com\/wp-content\/uploads\/2018\/10\/logo.gif\",\"contentUrl\":\"https:\/\/www.cliniquerenversante.com\/wp-content\/uploads\/2018\/10\/logo.gif\",\"width\":348,\"height\":143,\"caption\":\"Clinique Renversante d'Anne-Marie Roy\"},\"image\":{\"@id\":\"https:\/\/www.cliniquerenversante.com\/#\/schema\/logo\/image\/\"},\"sameAs\":[\"https:\/\/www.facebook.com\/cliniquerenversante\"]}]}<\/script>\n<!-- \/ Yoast SEO plugin. -->","yoast_head_json":{"title":"Actualit\u00e9 renversante - Clinique Renversante d&#039;Anne-Marie Roy","robots":{"index":"index","follow":"follow","max-snippet":"max-snippet:-1","max-image-preview":"max-image-preview:large","max-video-preview":"max-video-preview:-1"},"canonical":"https:\/\/www.cliniquerenversante.com\/index.php\/actualite-renversante\/","og_locale":"fr_CA","og_type":"article","og_title":"Actualit\u00e9 renversante - Clinique Renversante d&#039;Anne-Marie Roy","og_url":"https:\/\/www.cliniquerenversante.com\/index.php\/actualite-renversante\/","og_site_name":"Clinique Renversante d&#039;Anne-Marie Roy","article_publisher":"https:\/\/www.facebook.com\/cliniquerenversante","article_modified_time":"2018-11-07T15:29:45+00:00","og_image":[{"width":612,"height":334,"url":"https:\/\/www.cliniquerenversante.com\/wp-content\/uploads\/2018\/10\/poivron_web.png","type":"image\/png"}],"twitter_card":"summary_large_image","schema":{"@context":"https:\/\/schema.org","@graph":[{"@type":"WebPage","@id":"https:\/\/www.cliniquerenversante.com\/index.php\/actualite-renversante\/","url":"https:\/\/www.cliniquerenversante.com\/index.php\/actualite-renversante\/","name":"Actualit\u00e9 renversante - Clinique Renversante d&#039;Anne-Marie Roy","isPartOf":{"@id":"https:\/\/www.cliniquerenversante.com\/#website"},"primaryImageOfPage":{"@id":"https:\/\/www.cliniquerenversante.com\/index.php\/actualite-renversante\/#primaryimage"},"image":{"@id":"https:\/\/www.cliniquerenversante.com\/index.php\/actualite-renversante\/#primaryimage"},"thumbnailUrl":"https:\/\/www.cliniquerenversante.com\/wp-content\/uploads\/2018\/10\/poivron_web.png","datePublished":"2018-10-25T05:25:16+00:00","dateModified":"2018-11-07T15:29:45+00:00","breadcrumb":{"@id":"https:\/\/www.cliniquerenversante.com\/index.php\/actualite-renversante\/#breadcrumb"},"inLanguage":"fr-CA","potentialAction":[{"@type":"ReadAction","target":["https:\/\/www.cliniquerenversante.com\/index.php\/actualite-renversante\/"]}]},{"@type":"ImageObject","inLanguage":"fr-CA","@id":"https:\/\/www.cliniquerenversante.com\/index.php\/actualite-renversante\/#primaryimage","url":"https:\/\/www.cliniquerenversante.com\/wp-content\/uploads\/2018\/10\/poivron_web.png","contentUrl":"https:\/\/www.cliniquerenversante.com\/wp-content\/uploads\/2018\/10\/poivron_web.png","width":612,"height":334},{"@type":"BreadcrumbList","@id":"https:\/\/www.cliniquerenversante.com\/index.php\/actualite-renversante\/#breadcrumb","itemListElement":[{"@type":"ListItem","position":1,"name":"Accueil","item":"https:\/\/www.cliniquerenversante.com\/"},{"@type":"ListItem","position":2,"name":"Actualit\u00e9 renversante"}]},{"@type":"WebSite","@id":"https:\/\/www.cliniquerenversante.com\/#website","url":"https:\/\/www.cliniquerenversante.com\/","name":"Clinique Renversante d'Anne-Marie Roy","description":"","publisher":{"@id":"https:\/\/www.cliniquerenversante.com\/#organization"},"potentialAction":[{"@type":"SearchAction","target":{"@type":"EntryPoint","urlTemplate":"https:\/\/www.cliniquerenversante.com\/?s={search_term_string}"},"query-input":{"@type":"PropertyValueSpecification","valueRequired":true,"valueName":"search_term_string"}}],"inLanguage":"fr-CA"},{"@type":"Organization","@id":"https:\/\/www.cliniquerenversante.com\/#organization","name":"Clinique Renversante d'Anne-Marie Roy","url":"https:\/\/www.cliniquerenversante.com\/","logo":{"@type":"ImageObject","inLanguage":"fr-CA","@id":"https:\/\/www.cliniquerenversante.com\/#\/schema\/logo\/image\/","url":"https:\/\/www.cliniquerenversante.com\/wp-content\/uploads\/2018\/10\/logo.gif","contentUrl":"https:\/\/www.cliniquerenversante.com\/wp-content\/uploads\/2018\/10\/logo.gif","width":348,"height":143,"caption":"Clinique Renversante d'Anne-Marie Roy"},"image":{"@id":"https:\/\/www.cliniquerenversante.com\/#\/schema\/logo\/image\/"},"sameAs":["https:\/\/www.facebook.com\/cliniquerenversante"]}]}},"_links":{"self":[{"href":"https:\/\/www.cliniquerenversante.com\/index.php\/wp-json\/wp\/v2\/pages\/175","targetHints":{"allow":["GET"]}}],"collection":[{"href":"https:\/\/www.cliniquerenversante.com\/index.php\/wp-json\/wp\/v2\/pages"}],"about":[{"href":"https:\/\/www.cliniquerenversante.com\/index.php\/wp-json\/wp\/v2\/types\/page"}],"author":[{"embeddable":true,"href":"https:\/\/www.cliniquerenversante.com\/index.php\/wp-json\/wp\/v2\/users\/2"}],"replies":[{"embeddable":true,"href":"https:\/\/www.cliniquerenversante.com\/index.php\/wp-json\/wp\/v2\/comments?post=175"}],"version-history":[{"count":7,"href":"https:\/\/www.cliniquerenversante.com\/index.php\/wp-json\/wp\/v2\/pages\/175\/revisions"}],"predecessor-version":[{"id":299,"href":"https:\/\/www.cliniquerenversante.com\/index.php\/wp-json\/wp\/v2\/pages\/175\/revisions\/299"}],"wp:featuredmedia":[{"embeddable":true,"href":"https:\/\/www.cliniquerenversante.com\/index.php\/wp-json\/wp\/v2\/media\/183"}],"wp:attachment":[{"href":"https:\/\/www.cliniquerenversante.com\/index.php\/wp-json\/wp\/v2\/media?parent=175"}],"curies":[{"name":"wp","href":"https:\/\/api.w.org\/{rel}","templated":true}]}}