{"id":22,"date":"2018-10-23T18:14:40","date_gmt":"2018-10-23T18:14:40","guid":{"rendered":"http:\/\/www.cliniquerenversante.com\/?page_id=22"},"modified":"2025-04-19T14:26:51","modified_gmt":"2025-04-19T18:26:51","slug":"concept","status":"publish","type":"page","link":"https:\/\/www.cliniquerenversante.com\/index.php\/concept\/","title":{"rendered":"Concept"},"content":{"rendered":"\t\t<div data-elementor-type=\"wp-post\" data-elementor-id=\"22\" class=\"elementor elementor-22\" data-elementor-post-type=\"page\">\n\t\t\t\t<div class=\"elementor-element elementor-element-5806c2a e-flex e-con-boxed e-con e-parent\" data-id=\"5806c2a\" data-element_type=\"container\">\n\t\t\t\t\t<div class=\"e-con-inner\">\n\t\t<div class=\"elementor-element elementor-element-c594c7b e-con-full e-flex e-con e-child\" data-id=\"c594c7b\" data-element_type=\"container\" data-settings=\"{&quot;background_background&quot;:&quot;classic&quot;}\">\n\t\t\t\t<div class=\"elementor-element elementor-element-9a07491 elementor-widget elementor-widget-text-editor\" data-id=\"9a07491\" data-element_type=\"widget\" data-widget_type=\"text-editor.default\">\n\t\t\t\t<div class=\"elementor-widget-container\">\n\t\t\t\t\t\t\t\t\t<p>Avec ce programme intensif de 9 semaines (maintenant offert par visioconf\u00e9rence), on d\u00e9montre qu\u2019avec une alimentation \u00e0 base de v\u00e9g\u00e9taux, on peut arriver \u00e0 pr\u00e9venir, mieux contr\u00f4ler ou parfois renverser:<\/p><ul><li>le diab\u00e8te de type 2 ;<\/li><li>l\u2019ob\u00e9sit\u00e9 ;<\/li><li>l\u2019hypertension ;<\/li><li>l\u2019hypercholest\u00e9rol\u00e9mie (cholest\u00e9rol \u00e9lev\u00e9) ;<\/li><li>l\u2019arthrite ;<\/li><li>plusieurs troubles digestifs (constipation, reflux gastriques, &#8230;) ;<\/li><li>etc.<\/li><\/ul><p>\u00a0<\/p><p>Et b\u00e9n\u00e9ficier d\u2019autres avantages :<\/p><ul><li>r\u00e9duire les risques de certains types de cancer ;<\/li><li>obtenir une bonne circulation sanguine ;<\/li><li>profiter d\u2019un cerveau en sant\u00e9 ;<\/li><li>am\u00e9liorer les troubles de l&rsquo;humeur ;<\/li><li>avoir une bonne sant\u00e9 intestinale ;<\/li><li>r\u00e9duire l\u2019inflammation ;<\/li><li>vivre en meilleure sant\u00e9&#8230;<\/li><\/ul><p>\u00a0<\/p><p>Le suivi se fait en petits groupes \u00e0 une fr\u00e9quence d\u2019une fois par semaine et comprend :<\/p><ul><li>des cours de nutrition (sur tous les sujets essentiels);<\/li><li>des cours de cuisine (d\u00e9monstrations culinaires)<span style=\"font-size: 1.1rem;\">\u00a0;<\/span><\/li><li>une visite virtuelle \u00e0 l\u2019\u00e9picerie ;<\/li><li>des p\u00e9riodes de discussion\/questions;<\/li><li>acc\u00e8s \u00e0 une communaut\u00e9 d&rsquo;entraide extr\u00eamement pr\u00e9cieuse<\/li><li>etc.<\/li><\/ul><p>Le but est d&rsquo;enrichir vos connaissances en nutrition pour favoriser la sant\u00e9 et ce sans souffrir de la faim et en cultivant le plaisir de manger.<\/p><h2>Agissons<\/h2><p>L&rsquo;alimentation est la pierre angulaire pour pr\u00e9venir, contr\u00f4ler ou parfois renverser certains troubles de sant\u00e9. En fait, les \u00e9vidences scientifiques sont suffisamment nombreuses pour adopter une alimentation \u00e0 base de v\u00e9g\u00e9taux. On n&rsquo;a pas \u00e0 attendre d&rsquo;autres \u00e9tudes, c&rsquo;est une bonne id\u00e9e d&rsquo;agir maintenant.<\/p><p>Faisons partie de la solution !<\/p><h2>\u00c0 qui s\u2019adresse le programme ?<\/h2><p>La clinique renversante s&rsquo;adresse \u00e0 tous ; autant \u00e0 ceux qui d\u00e9sirent pr\u00e9venir les troubles de sant\u00e9 qu\u2019aux personnes int\u00e9ress\u00e9es \u00e0 se diriger vers une alimentation plus saine et v\u00e9g\u00e9tale.<\/p><p><strong>Programme inspir\u00e9 par :<\/strong><\/p><ul><li>the cardiovascular prevention and reversal program, The Cleveland Clinic Wellness Institute ;<\/li><li>the Pritikin Program ;<\/li><li>the Diabetes Wellness Program, Marshall Islands Ministry of Health and Loma Linda University, Mars 2006<\/li><\/ul>\t\t\t\t\t\t\t\t<\/div>\n\t\t\t\t<\/div>\n\t\t\t\t<\/div>\n\t\t\t\t\t<\/div>\n\t\t\t\t<\/div>\n\t\t\t\t<\/div>\n\t\t","protected":false},"excerpt":{"rendered":"<p>Avec ce programme intensif de 9 semaines (maintenant offert par visioconf\u00e9rence), on d\u00e9montre qu\u2019avec une alimentation \u00e0 base de v\u00e9g\u00e9taux, on peut arriver \u00e0 pr\u00e9venir, mieux contr\u00f4ler ou parfois renverser: le diab\u00e8te de type 2 ; l\u2019ob\u00e9sit\u00e9 ; l\u2019hypertension ; l\u2019hypercholest\u00e9rol\u00e9mie (cholest\u00e9rol \u00e9lev\u00e9) ; l\u2019arthrite ; plusieurs troubles digestifs (constipation, reflux gastriques, &#8230;) ; etc. [&hellip;]<\/p>\n","protected":false},"author":2,"featured_media":57,"parent":0,"menu_order":0,"comment_status":"closed","ping_status":"closed","template":"","meta":{"footnotes":""},"class_list":["post-22","page","type-page","status-publish","has-post-thumbnail","hentry"],"yoast_head":"<!-- This site is optimized with the Yoast SEO plugin v26.6 - https:\/\/yoast.com\/wordpress\/plugins\/seo\/ -->\n<title>Concept - Clinique Renversante d&#039;Anne-Marie Roy<\/title>\n<meta name=\"robots\" content=\"index, follow, max-snippet:-1, max-image-preview:large, max-video-preview:-1\" \/>\n<link rel=\"canonical\" href=\"https:\/\/www.cliniquerenversante.com\/index.php\/concept\/\" \/>\n<meta property=\"og:locale\" content=\"fr_CA\" \/>\n<meta property=\"og:type\" content=\"article\" \/>\n<meta property=\"og:title\" content=\"Concept - Clinique Renversante d&#039;Anne-Marie Roy\" \/>\n<meta property=\"og:description\" content=\"Avec ce programme intensif de 9 semaines (maintenant offert par visioconf\u00e9rence), on d\u00e9montre qu\u2019avec une alimentation \u00e0 base de v\u00e9g\u00e9taux, on peut arriver \u00e0 pr\u00e9venir, mieux contr\u00f4ler ou parfois renverser: le diab\u00e8te de type 2 ; l\u2019ob\u00e9sit\u00e9 ; l\u2019hypertension ; l\u2019hypercholest\u00e9rol\u00e9mie (cholest\u00e9rol \u00e9lev\u00e9) ; l\u2019arthrite ; plusieurs troubles digestifs (constipation, reflux gastriques, &#8230;) ; etc. [&hellip;]\" \/>\n<meta property=\"og:url\" content=\"https:\/\/www.cliniquerenversante.com\/index.php\/concept\/\" \/>\n<meta property=\"og:site_name\" content=\"Clinique Renversante d&#039;Anne-Marie Roy\" \/>\n<meta property=\"article:publisher\" content=\"https:\/\/www.facebook.com\/cliniquerenversante\" \/>\n<meta property=\"article:modified_time\" content=\"2025-04-19T18:26:51+00:00\" \/>\n<meta property=\"og:image\" content=\"https:\/\/www.cliniquerenversante.com\/wp-content\/uploads\/2018\/10\/anim-01.png\" \/>\n\t<meta property=\"og:image:width\" content=\"612\" \/>\n\t<meta property=\"og:image:height\" content=\"334\" \/>\n\t<meta property=\"og:image:type\" content=\"image\/png\" \/>\n<meta name=\"twitter:card\" content=\"summary_large_image\" \/>\n<meta name=\"twitter:label1\" content=\"Estimation du temps de lecture\" \/>\n\t<meta name=\"twitter:data1\" content=\"2 minutes\" \/>\n<script type=\"application\/ld+json\" class=\"yoast-schema-graph\">{\"@context\":\"https:\/\/schema.org\",\"@graph\":[{\"@type\":\"WebPage\",\"@id\":\"https:\/\/www.cliniquerenversante.com\/index.php\/concept\/\",\"url\":\"https:\/\/www.cliniquerenversante.com\/index.php\/concept\/\",\"name\":\"Concept - Clinique Renversante d&#039;Anne-Marie Roy\",\"isPartOf\":{\"@id\":\"https:\/\/www.cliniquerenversante.com\/#website\"},\"primaryImageOfPage\":{\"@id\":\"https:\/\/www.cliniquerenversante.com\/index.php\/concept\/#primaryimage\"},\"image\":{\"@id\":\"https:\/\/www.cliniquerenversante.com\/index.php\/concept\/#primaryimage\"},\"thumbnailUrl\":\"https:\/\/www.cliniquerenversante.com\/wp-content\/uploads\/2018\/10\/anim-01.png\",\"datePublished\":\"2018-10-23T18:14:40+00:00\",\"dateModified\":\"2025-04-19T18:26:51+00:00\",\"breadcrumb\":{\"@id\":\"https:\/\/www.cliniquerenversante.com\/index.php\/concept\/#breadcrumb\"},\"inLanguage\":\"fr-CA\",\"potentialAction\":[{\"@type\":\"ReadAction\",\"target\":[\"https:\/\/www.cliniquerenversante.com\/index.php\/concept\/\"]}]},{\"@type\":\"ImageObject\",\"inLanguage\":\"fr-CA\",\"@id\":\"https:\/\/www.cliniquerenversante.com\/index.php\/concept\/#primaryimage\",\"url\":\"https:\/\/www.cliniquerenversante.com\/wp-content\/uploads\/2018\/10\/anim-01.png\",\"contentUrl\":\"https:\/\/www.cliniquerenversante.com\/wp-content\/uploads\/2018\/10\/anim-01.png\",\"width\":612,\"height\":334},{\"@type\":\"BreadcrumbList\",\"@id\":\"https:\/\/www.cliniquerenversante.com\/index.php\/concept\/#breadcrumb\",\"itemListElement\":[{\"@type\":\"ListItem\",\"position\":1,\"name\":\"Accueil\",\"item\":\"https:\/\/www.cliniquerenversante.com\/\"},{\"@type\":\"ListItem\",\"position\":2,\"name\":\"Concept\"}]},{\"@type\":\"WebSite\",\"@id\":\"https:\/\/www.cliniquerenversante.com\/#website\",\"url\":\"https:\/\/www.cliniquerenversante.com\/\",\"name\":\"Clinique Renversante d'Anne-Marie Roy\",\"description\":\"\",\"publisher\":{\"@id\":\"https:\/\/www.cliniquerenversante.com\/#organization\"},\"potentialAction\":[{\"@type\":\"SearchAction\",\"target\":{\"@type\":\"EntryPoint\",\"urlTemplate\":\"https:\/\/www.cliniquerenversante.com\/?s={search_term_string}\"},\"query-input\":{\"@type\":\"PropertyValueSpecification\",\"valueRequired\":true,\"valueName\":\"search_term_string\"}}],\"inLanguage\":\"fr-CA\"},{\"@type\":\"Organization\",\"@id\":\"https:\/\/www.cliniquerenversante.com\/#organization\",\"name\":\"Clinique Renversante d'Anne-Marie Roy\",\"url\":\"https:\/\/www.cliniquerenversante.com\/\",\"logo\":{\"@type\":\"ImageObject\",\"inLanguage\":\"fr-CA\",\"@id\":\"https:\/\/www.cliniquerenversante.com\/#\/schema\/logo\/image\/\",\"url\":\"https:\/\/www.cliniquerenversante.com\/wp-content\/uploads\/2018\/10\/logo.gif\",\"contentUrl\":\"https:\/\/www.cliniquerenversante.com\/wp-content\/uploads\/2018\/10\/logo.gif\",\"width\":348,\"height\":143,\"caption\":\"Clinique Renversante d'Anne-Marie Roy\"},\"image\":{\"@id\":\"https:\/\/www.cliniquerenversante.com\/#\/schema\/logo\/image\/\"},\"sameAs\":[\"https:\/\/www.facebook.com\/cliniquerenversante\"]}]}<\/script>\n<!-- \/ Yoast SEO plugin. -->","yoast_head_json":{"title":"Concept - Clinique Renversante d&#039;Anne-Marie Roy","robots":{"index":"index","follow":"follow","max-snippet":"max-snippet:-1","max-image-preview":"max-image-preview:large","max-video-preview":"max-video-preview:-1"},"canonical":"https:\/\/www.cliniquerenversante.com\/index.php\/concept\/","og_locale":"fr_CA","og_type":"article","og_title":"Concept - Clinique Renversante d&#039;Anne-Marie Roy","og_description":"Avec ce programme intensif de 9 semaines (maintenant offert par visioconf\u00e9rence), on d\u00e9montre qu\u2019avec une alimentation \u00e0 base de v\u00e9g\u00e9taux, on peut arriver \u00e0 pr\u00e9venir, mieux contr\u00f4ler ou parfois renverser: le diab\u00e8te de type 2 ; l\u2019ob\u00e9sit\u00e9 ; l\u2019hypertension ; l\u2019hypercholest\u00e9rol\u00e9mie (cholest\u00e9rol \u00e9lev\u00e9) ; l\u2019arthrite ; plusieurs troubles digestifs (constipation, reflux gastriques, &#8230;) ; etc. [&hellip;]","og_url":"https:\/\/www.cliniquerenversante.com\/index.php\/concept\/","og_site_name":"Clinique Renversante d&#039;Anne-Marie Roy","article_publisher":"https:\/\/www.facebook.com\/cliniquerenversante","article_modified_time":"2025-04-19T18:26:51+00:00","og_image":[{"width":612,"height":334,"url":"https:\/\/www.cliniquerenversante.com\/wp-content\/uploads\/2018\/10\/anim-01.png","type":"image\/png"}],"twitter_card":"summary_large_image","twitter_misc":{"Estimation du temps de lecture":"2 minutes"},"schema":{"@context":"https:\/\/schema.org","@graph":[{"@type":"WebPage","@id":"https:\/\/www.cliniquerenversante.com\/index.php\/concept\/","url":"https:\/\/www.cliniquerenversante.com\/index.php\/concept\/","name":"Concept - Clinique Renversante d&#039;Anne-Marie Roy","isPartOf":{"@id":"https:\/\/www.cliniquerenversante.com\/#website"},"primaryImageOfPage":{"@id":"https:\/\/www.cliniquerenversante.com\/index.php\/concept\/#primaryimage"},"image":{"@id":"https:\/\/www.cliniquerenversante.com\/index.php\/concept\/#primaryimage"},"thumbnailUrl":"https:\/\/www.cliniquerenversante.com\/wp-content\/uploads\/2018\/10\/anim-01.png","datePublished":"2018-10-23T18:14:40+00:00","dateModified":"2025-04-19T18:26:51+00:00","breadcrumb":{"@id":"https:\/\/www.cliniquerenversante.com\/index.php\/concept\/#breadcrumb"},"inLanguage":"fr-CA","potentialAction":[{"@type":"ReadAction","target":["https:\/\/www.cliniquerenversante.com\/index.php\/concept\/"]}]},{"@type":"ImageObject","inLanguage":"fr-CA","@id":"https:\/\/www.cliniquerenversante.com\/index.php\/concept\/#primaryimage","url":"https:\/\/www.cliniquerenversante.com\/wp-content\/uploads\/2018\/10\/anim-01.png","contentUrl":"https:\/\/www.cliniquerenversante.com\/wp-content\/uploads\/2018\/10\/anim-01.png","width":612,"height":334},{"@type":"BreadcrumbList","@id":"https:\/\/www.cliniquerenversante.com\/index.php\/concept\/#breadcrumb","itemListElement":[{"@type":"ListItem","position":1,"name":"Accueil","item":"https:\/\/www.cliniquerenversante.com\/"},{"@type":"ListItem","position":2,"name":"Concept"}]},{"@type":"WebSite","@id":"https:\/\/www.cliniquerenversante.com\/#website","url":"https:\/\/www.cliniquerenversante.com\/","name":"Clinique Renversante d'Anne-Marie Roy","description":"","publisher":{"@id":"https:\/\/www.cliniquerenversante.com\/#organization"},"potentialAction":[{"@type":"SearchAction","target":{"@type":"EntryPoint","urlTemplate":"https:\/\/www.cliniquerenversante.com\/?s={search_term_string}"},"query-input":{"@type":"PropertyValueSpecification","valueRequired":true,"valueName":"search_term_string"}}],"inLanguage":"fr-CA"},{"@type":"Organization","@id":"https:\/\/www.cliniquerenversante.com\/#organization","name":"Clinique Renversante d'Anne-Marie Roy","url":"https:\/\/www.cliniquerenversante.com\/","logo":{"@type":"ImageObject","inLanguage":"fr-CA","@id":"https:\/\/www.cliniquerenversante.com\/#\/schema\/logo\/image\/","url":"https:\/\/www.cliniquerenversante.com\/wp-content\/uploads\/2018\/10\/logo.gif","contentUrl":"https:\/\/www.cliniquerenversante.com\/wp-content\/uploads\/2018\/10\/logo.gif","width":348,"height":143,"caption":"Clinique Renversante d'Anne-Marie Roy"},"image":{"@id":"https:\/\/www.cliniquerenversante.com\/#\/schema\/logo\/image\/"},"sameAs":["https:\/\/www.facebook.com\/cliniquerenversante"]}]}},"_links":{"self":[{"href":"https:\/\/www.cliniquerenversante.com\/index.php\/wp-json\/wp\/v2\/pages\/22","targetHints":{"allow":["GET"]}}],"collection":[{"href":"https:\/\/www.cliniquerenversante.com\/index.php\/wp-json\/wp\/v2\/pages"}],"about":[{"href":"https:\/\/www.cliniquerenversante.com\/index.php\/wp-json\/wp\/v2\/types\/page"}],"author":[{"embeddable":true,"href":"https:\/\/www.cliniquerenversante.com\/index.php\/wp-json\/wp\/v2\/users\/2"}],"replies":[{"embeddable":true,"href":"https:\/\/www.cliniquerenversante.com\/index.php\/wp-json\/wp\/v2\/comments?post=22"}],"version-history":[{"count":20,"href":"https:\/\/www.cliniquerenversante.com\/index.php\/wp-json\/wp\/v2\/pages\/22\/revisions"}],"predecessor-version":[{"id":483,"href":"https:\/\/www.cliniquerenversante.com\/index.php\/wp-json\/wp\/v2\/pages\/22\/revisions\/483"}],"wp:featuredmedia":[{"embeddable":true,"href":"https:\/\/www.cliniquerenversante.com\/index.php\/wp-json\/wp\/v2\/media\/57"}],"wp:attachment":[{"href":"https:\/\/www.cliniquerenversante.com\/index.php\/wp-json\/wp\/v2\/media?parent=22"}],"curies":[{"name":"wp","href":"https:\/\/api.w.org\/{rel}","templated":true}]}}