{"id":29,"date":"2018-10-23T18:39:25","date_gmt":"2018-10-23T22:39:25","guid":{"rendered":"http:\/\/www.cliniquerenversante.com\/?page_id=29"},"modified":"2025-04-19T14:32:18","modified_gmt":"2025-04-19T18:32:18","slug":"equipe","status":"publish","type":"page","link":"https:\/\/www.cliniquerenversante.com\/index.php\/equipe\/","title":{"rendered":"Programme fond\u00e9 par&#8230;"},"content":{"rendered":"\t\t<div data-elementor-type=\"wp-post\" data-elementor-id=\"29\" class=\"elementor elementor-29\" data-elementor-post-type=\"page\">\n\t\t\t\t<div class=\"elementor-element elementor-element-142f352 e-flex e-con-boxed e-con e-parent\" data-id=\"142f352\" data-element_type=\"container\">\n\t\t\t\t\t<div class=\"e-con-inner\">\n\t\t<div class=\"elementor-element elementor-element-c7b63cc e-con-full e-flex e-con e-child\" data-id=\"c7b63cc\" data-element_type=\"container\">\n\t\t\t\t<div class=\"elementor-element elementor-element-16877c8 elementor-widget elementor-widget-heading\" data-id=\"16877c8\" data-element_type=\"widget\" data-widget_type=\"heading.default\">\n\t\t\t\t<div class=\"elementor-widget-container\">\n\t\t\t\t\t<h2 class=\"elementor-heading-title elementor-size-default\">Anne-Marie Roy<\/h2>\t\t\t\t<\/div>\n\t\t\t\t<\/div>\n\t\t\t\t<div class=\"elementor-element elementor-element-ac90599 elementor-widget elementor-widget-heading\" data-id=\"ac90599\" data-element_type=\"widget\" data-widget_type=\"heading.default\">\n\t\t\t\t<div class=\"elementor-widget-container\">\n\t\t\t\t\t<h2 class=\"elementor-heading-title elementor-size-medium\">Nutritionniste - Di\u00e9t\u00e9tiste<\/h2>\t\t\t\t<\/div>\n\t\t\t\t<\/div>\n\t\t\t\t<div class=\"elementor-element elementor-element-d4b121e elementor-widget elementor-widget-text-editor\" data-id=\"d4b121e\" data-element_type=\"widget\" data-widget_type=\"text-editor.default\">\n\t\t\t\t<div class=\"elementor-widget-container\">\n\t\t\t\t\t\t\t\t\t<p>Anne-Marie Roy est di\u00e9t\u00e9tiste-nutritionniste dipl\u00f4m\u00e9e de l\u2019Universit\u00e9 de Laval et pr\u00f4ne l\u2019alimentation \u00e0 base de v\u00e9g\u00e9taux depuis pr\u00e8s de 35 ans.<\/p><p>Une de ses plus grandes r\u00e9alisations est d\u2019avoir fond\u00e9 le programme de la Clinique Renversante, il y a de \u00e7a environ 14 ans<\/p><p>La mission qu\u2019elle s\u2019est donn\u00e9e est de r\u00e9duire la souffrance inutile et faire r\u00e9aliser aux gens que par une alimentation v\u00e9g\u00e9tale et optimale, on pourrait non seulement pr\u00e9venir, mais parfois m\u00eame renverser certains troubles de sant\u00e9 (diab\u00e8te de type 2, hypercholest\u00e9rol\u00e9mie, ob\u00e9sit\u00e9, hypertension art\u00e9rielle, arthrite, etc.).<\/p><p>Mme Roy dit souvent qu\u2019avant de manger\u2026 \u00ab il faut penser plus loin que le bout de sa langue ! \u00bb\u2026 C\u2019est-\u00e0-dire penser aux cons\u00e9quences de nos choix alimentaires sur la plan\u00e8te ainsi que sur ceux qui l\u2019habitent; les humains ainsi que les animaux.<\/p>\t\t\t\t\t\t\t\t<\/div>\n\t\t\t\t<\/div>\n\t\t\t\t<\/div>\n\t\t<div class=\"elementor-element elementor-element-1440e79 e-con-full e-flex e-con e-child\" data-id=\"1440e79\" data-element_type=\"container\">\n\t\t\t\t<div class=\"elementor-element elementor-element-53dd5fb elementor-widget elementor-widget-image\" data-id=\"53dd5fb\" data-element_type=\"widget\" data-widget_type=\"image.default\">\n\t\t\t\t<div class=\"elementor-widget-container\">\n\t\t\t\t\t\t\t\t\t\t\t\t\t\t\t<img fetchpriority=\"high\" decoding=\"async\" width=\"400\" height=\"546\" src=\"https:\/\/www.cliniquerenversante.com\/wp-content\/uploads\/2018\/11\/AnneMarieRoy_web.jpg\" class=\"attachment-full size-full wp-image-279\" alt=\"\" srcset=\"https:\/\/www.cliniquerenversante.com\/wp-content\/uploads\/2018\/11\/AnneMarieRoy_web.jpg 400w, https:\/\/www.cliniquerenversante.com\/wp-content\/uploads\/2018\/11\/AnneMarieRoy_web-220x300.jpg 220w\" sizes=\"(max-width: 400px) 100vw, 400px\" \/>\t\t\t\t\t\t\t\t\t\t\t\t\t\t\t<\/div>\n\t\t\t\t<\/div>\n\t\t\t\t<\/div>\n\t\t\t\t\t<\/div>\n\t\t\t\t<\/div>\n\t\t\t\t<\/div>\n\t\t","protected":false},"excerpt":{"rendered":"<p>Anne-Marie Roy Nutritionniste &#8211; Di\u00e9t\u00e9tiste Anne-Marie Roy est di\u00e9t\u00e9tiste-nutritionniste dipl\u00f4m\u00e9e de l\u2019Universit\u00e9 de Laval et pr\u00f4ne l\u2019alimentation \u00e0 base de v\u00e9g\u00e9taux depuis pr\u00e8s de 35 ans. Une de ses plus grandes r\u00e9alisations est d\u2019avoir fond\u00e9 le programme de la Clinique Renversante, il y a de \u00e7a environ 14 ans La mission qu\u2019elle s\u2019est donn\u00e9e est [&hellip;]<\/p>\n","protected":false},"author":2,"featured_media":59,"parent":0,"menu_order":0,"comment_status":"closed","ping_status":"closed","template":"","meta":{"footnotes":""},"class_list":["post-29","page","type-page","status-publish","has-post-thumbnail","hentry"],"yoast_head":"<!-- This site is optimized with the Yoast SEO plugin v26.6 - https:\/\/yoast.com\/wordpress\/plugins\/seo\/ -->\n<title>Programme fond\u00e9 par... - Clinique Renversante d&#039;Anne-Marie Roy<\/title>\n<meta name=\"robots\" content=\"index, follow, max-snippet:-1, max-image-preview:large, max-video-preview:-1\" \/>\n<link rel=\"canonical\" href=\"https:\/\/www.cliniquerenversante.com\/index.php\/equipe\/\" \/>\n<meta property=\"og:locale\" content=\"fr_CA\" \/>\n<meta property=\"og:type\" content=\"article\" \/>\n<meta property=\"og:title\" content=\"Programme fond\u00e9 par... - Clinique Renversante d&#039;Anne-Marie Roy\" \/>\n<meta property=\"og:description\" content=\"Anne-Marie Roy Nutritionniste &#8211; Di\u00e9t\u00e9tiste Anne-Marie Roy est di\u00e9t\u00e9tiste-nutritionniste dipl\u00f4m\u00e9e de l\u2019Universit\u00e9 de Laval et pr\u00f4ne l\u2019alimentation \u00e0 base de v\u00e9g\u00e9taux depuis pr\u00e8s de 35 ans. Une de ses plus grandes r\u00e9alisations est d\u2019avoir fond\u00e9 le programme de la Clinique Renversante, il y a de \u00e7a environ 14 ans La mission qu\u2019elle s\u2019est donn\u00e9e est [&hellip;]\" \/>\n<meta property=\"og:url\" content=\"https:\/\/www.cliniquerenversante.com\/index.php\/equipe\/\" \/>\n<meta property=\"og:site_name\" content=\"Clinique Renversante d&#039;Anne-Marie Roy\" \/>\n<meta property=\"article:publisher\" content=\"https:\/\/www.facebook.com\/cliniquerenversante\" \/>\n<meta property=\"article:modified_time\" content=\"2025-04-19T18:32:18+00:00\" \/>\n<meta property=\"og:image\" content=\"https:\/\/www.cliniquerenversante.com\/wp-content\/uploads\/2018\/10\/anim-04.png\" \/>\n\t<meta property=\"og:image:width\" content=\"612\" \/>\n\t<meta property=\"og:image:height\" content=\"334\" \/>\n\t<meta property=\"og:image:type\" content=\"image\/png\" \/>\n<meta name=\"twitter:card\" content=\"summary_large_image\" \/>\n<meta name=\"twitter:label1\" content=\"Estimation du temps de lecture\" \/>\n\t<meta name=\"twitter:data1\" content=\"1 minute\" \/>\n<script type=\"application\/ld+json\" class=\"yoast-schema-graph\">{\"@context\":\"https:\/\/schema.org\",\"@graph\":[{\"@type\":\"WebPage\",\"@id\":\"https:\/\/www.cliniquerenversante.com\/index.php\/equipe\/\",\"url\":\"https:\/\/www.cliniquerenversante.com\/index.php\/equipe\/\",\"name\":\"Programme fond\u00e9 par... - Clinique Renversante d&#039;Anne-Marie Roy\",\"isPartOf\":{\"@id\":\"https:\/\/www.cliniquerenversante.com\/#website\"},\"primaryImageOfPage\":{\"@id\":\"https:\/\/www.cliniquerenversante.com\/index.php\/equipe\/#primaryimage\"},\"image\":{\"@id\":\"https:\/\/www.cliniquerenversante.com\/index.php\/equipe\/#primaryimage\"},\"thumbnailUrl\":\"https:\/\/www.cliniquerenversante.com\/wp-content\/uploads\/2018\/10\/anim-04.png\",\"datePublished\":\"2018-10-23T22:39:25+00:00\",\"dateModified\":\"2025-04-19T18:32:18+00:00\",\"breadcrumb\":{\"@id\":\"https:\/\/www.cliniquerenversante.com\/index.php\/equipe\/#breadcrumb\"},\"inLanguage\":\"fr-CA\",\"potentialAction\":[{\"@type\":\"ReadAction\",\"target\":[\"https:\/\/www.cliniquerenversante.com\/index.php\/equipe\/\"]}]},{\"@type\":\"ImageObject\",\"inLanguage\":\"fr-CA\",\"@id\":\"https:\/\/www.cliniquerenversante.com\/index.php\/equipe\/#primaryimage\",\"url\":\"https:\/\/www.cliniquerenversante.com\/wp-content\/uploads\/2018\/10\/anim-04.png\",\"contentUrl\":\"https:\/\/www.cliniquerenversante.com\/wp-content\/uploads\/2018\/10\/anim-04.png\",\"width\":612,\"height\":334},{\"@type\":\"BreadcrumbList\",\"@id\":\"https:\/\/www.cliniquerenversante.com\/index.php\/equipe\/#breadcrumb\",\"itemListElement\":[{\"@type\":\"ListItem\",\"position\":1,\"name\":\"Accueil\",\"item\":\"https:\/\/www.cliniquerenversante.com\/\"},{\"@type\":\"ListItem\",\"position\":2,\"name\":\"Programme fond\u00e9 par&#8230;\"}]},{\"@type\":\"WebSite\",\"@id\":\"https:\/\/www.cliniquerenversante.com\/#website\",\"url\":\"https:\/\/www.cliniquerenversante.com\/\",\"name\":\"Clinique Renversante d'Anne-Marie Roy\",\"description\":\"\",\"publisher\":{\"@id\":\"https:\/\/www.cliniquerenversante.com\/#organization\"},\"potentialAction\":[{\"@type\":\"SearchAction\",\"target\":{\"@type\":\"EntryPoint\",\"urlTemplate\":\"https:\/\/www.cliniquerenversante.com\/?s={search_term_string}\"},\"query-input\":{\"@type\":\"PropertyValueSpecification\",\"valueRequired\":true,\"valueName\":\"search_term_string\"}}],\"inLanguage\":\"fr-CA\"},{\"@type\":\"Organization\",\"@id\":\"https:\/\/www.cliniquerenversante.com\/#organization\",\"name\":\"Clinique Renversante d'Anne-Marie Roy\",\"url\":\"https:\/\/www.cliniquerenversante.com\/\",\"logo\":{\"@type\":\"ImageObject\",\"inLanguage\":\"fr-CA\",\"@id\":\"https:\/\/www.cliniquerenversante.com\/#\/schema\/logo\/image\/\",\"url\":\"https:\/\/www.cliniquerenversante.com\/wp-content\/uploads\/2018\/10\/logo.gif\",\"contentUrl\":\"https:\/\/www.cliniquerenversante.com\/wp-content\/uploads\/2018\/10\/logo.gif\",\"width\":348,\"height\":143,\"caption\":\"Clinique Renversante d'Anne-Marie Roy\"},\"image\":{\"@id\":\"https:\/\/www.cliniquerenversante.com\/#\/schema\/logo\/image\/\"},\"sameAs\":[\"https:\/\/www.facebook.com\/cliniquerenversante\"]}]}<\/script>\n<!-- \/ Yoast SEO plugin. -->","yoast_head_json":{"title":"Programme fond\u00e9 par... - Clinique Renversante d&#039;Anne-Marie Roy","robots":{"index":"index","follow":"follow","max-snippet":"max-snippet:-1","max-image-preview":"max-image-preview:large","max-video-preview":"max-video-preview:-1"},"canonical":"https:\/\/www.cliniquerenversante.com\/index.php\/equipe\/","og_locale":"fr_CA","og_type":"article","og_title":"Programme fond\u00e9 par... - Clinique Renversante d&#039;Anne-Marie Roy","og_description":"Anne-Marie Roy Nutritionniste &#8211; Di\u00e9t\u00e9tiste Anne-Marie Roy est di\u00e9t\u00e9tiste-nutritionniste dipl\u00f4m\u00e9e de l\u2019Universit\u00e9 de Laval et pr\u00f4ne l\u2019alimentation \u00e0 base de v\u00e9g\u00e9taux depuis pr\u00e8s de 35 ans. Une de ses plus grandes r\u00e9alisations est d\u2019avoir fond\u00e9 le programme de la Clinique Renversante, il y a de \u00e7a environ 14 ans La mission qu\u2019elle s\u2019est donn\u00e9e est [&hellip;]","og_url":"https:\/\/www.cliniquerenversante.com\/index.php\/equipe\/","og_site_name":"Clinique Renversante d&#039;Anne-Marie Roy","article_publisher":"https:\/\/www.facebook.com\/cliniquerenversante","article_modified_time":"2025-04-19T18:32:18+00:00","og_image":[{"width":612,"height":334,"url":"https:\/\/www.cliniquerenversante.com\/wp-content\/uploads\/2018\/10\/anim-04.png","type":"image\/png"}],"twitter_card":"summary_large_image","twitter_misc":{"Estimation du temps de lecture":"1 minute"},"schema":{"@context":"https:\/\/schema.org","@graph":[{"@type":"WebPage","@id":"https:\/\/www.cliniquerenversante.com\/index.php\/equipe\/","url":"https:\/\/www.cliniquerenversante.com\/index.php\/equipe\/","name":"Programme fond\u00e9 par... - Clinique Renversante d&#039;Anne-Marie Roy","isPartOf":{"@id":"https:\/\/www.cliniquerenversante.com\/#website"},"primaryImageOfPage":{"@id":"https:\/\/www.cliniquerenversante.com\/index.php\/equipe\/#primaryimage"},"image":{"@id":"https:\/\/www.cliniquerenversante.com\/index.php\/equipe\/#primaryimage"},"thumbnailUrl":"https:\/\/www.cliniquerenversante.com\/wp-content\/uploads\/2018\/10\/anim-04.png","datePublished":"2018-10-23T22:39:25+00:00","dateModified":"2025-04-19T18:32:18+00:00","breadcrumb":{"@id":"https:\/\/www.cliniquerenversante.com\/index.php\/equipe\/#breadcrumb"},"inLanguage":"fr-CA","potentialAction":[{"@type":"ReadAction","target":["https:\/\/www.cliniquerenversante.com\/index.php\/equipe\/"]}]},{"@type":"ImageObject","inLanguage":"fr-CA","@id":"https:\/\/www.cliniquerenversante.com\/index.php\/equipe\/#primaryimage","url":"https:\/\/www.cliniquerenversante.com\/wp-content\/uploads\/2018\/10\/anim-04.png","contentUrl":"https:\/\/www.cliniquerenversante.com\/wp-content\/uploads\/2018\/10\/anim-04.png","width":612,"height":334},{"@type":"BreadcrumbList","@id":"https:\/\/www.cliniquerenversante.com\/index.php\/equipe\/#breadcrumb","itemListElement":[{"@type":"ListItem","position":1,"name":"Accueil","item":"https:\/\/www.cliniquerenversante.com\/"},{"@type":"ListItem","position":2,"name":"Programme fond\u00e9 par&#8230;"}]},{"@type":"WebSite","@id":"https:\/\/www.cliniquerenversante.com\/#website","url":"https:\/\/www.cliniquerenversante.com\/","name":"Clinique Renversante d'Anne-Marie Roy","description":"","publisher":{"@id":"https:\/\/www.cliniquerenversante.com\/#organization"},"potentialAction":[{"@type":"SearchAction","target":{"@type":"EntryPoint","urlTemplate":"https:\/\/www.cliniquerenversante.com\/?s={search_term_string}"},"query-input":{"@type":"PropertyValueSpecification","valueRequired":true,"valueName":"search_term_string"}}],"inLanguage":"fr-CA"},{"@type":"Organization","@id":"https:\/\/www.cliniquerenversante.com\/#organization","name":"Clinique Renversante d'Anne-Marie Roy","url":"https:\/\/www.cliniquerenversante.com\/","logo":{"@type":"ImageObject","inLanguage":"fr-CA","@id":"https:\/\/www.cliniquerenversante.com\/#\/schema\/logo\/image\/","url":"https:\/\/www.cliniquerenversante.com\/wp-content\/uploads\/2018\/10\/logo.gif","contentUrl":"https:\/\/www.cliniquerenversante.com\/wp-content\/uploads\/2018\/10\/logo.gif","width":348,"height":143,"caption":"Clinique Renversante d'Anne-Marie Roy"},"image":{"@id":"https:\/\/www.cliniquerenversante.com\/#\/schema\/logo\/image\/"},"sameAs":["https:\/\/www.facebook.com\/cliniquerenversante"]}]}},"_links":{"self":[{"href":"https:\/\/www.cliniquerenversante.com\/index.php\/wp-json\/wp\/v2\/pages\/29","targetHints":{"allow":["GET"]}}],"collection":[{"href":"https:\/\/www.cliniquerenversante.com\/index.php\/wp-json\/wp\/v2\/pages"}],"about":[{"href":"https:\/\/www.cliniquerenversante.com\/index.php\/wp-json\/wp\/v2\/types\/page"}],"author":[{"embeddable":true,"href":"https:\/\/www.cliniquerenversante.com\/index.php\/wp-json\/wp\/v2\/users\/2"}],"replies":[{"embeddable":true,"href":"https:\/\/www.cliniquerenversante.com\/index.php\/wp-json\/wp\/v2\/comments?post=29"}],"version-history":[{"count":20,"href":"https:\/\/www.cliniquerenversante.com\/index.php\/wp-json\/wp\/v2\/pages\/29\/revisions"}],"predecessor-version":[{"id":498,"href":"https:\/\/www.cliniquerenversante.com\/index.php\/wp-json\/wp\/v2\/pages\/29\/revisions\/498"}],"wp:featuredmedia":[{"embeddable":true,"href":"https:\/\/www.cliniquerenversante.com\/index.php\/wp-json\/wp\/v2\/media\/59"}],"wp:attachment":[{"href":"https:\/\/www.cliniquerenversante.com\/index.php\/wp-json\/wp\/v2\/media?parent=29"}],"curies":[{"name":"wp","href":"https:\/\/api.w.org\/{rel}","templated":true}]}}