{"id":51,"date":"2018-10-23T19:12:52","date_gmt":"2018-10-23T19:12:52","guid":{"rendered":"http:\/\/www.cliniquerenversante.com\/?page_id=51"},"modified":"2025-04-19T14:30:27","modified_gmt":"2025-04-19T18:30:27","slug":"resultats-de-recherche","status":"publish","type":"page","link":"https:\/\/www.cliniquerenversante.com\/index.php\/resultats-de-recherche\/","title":{"rendered":"R\u00e9sultats de recherche"},"content":{"rendered":"\t\t<div data-elementor-type=\"wp-post\" data-elementor-id=\"51\" class=\"elementor elementor-51\" data-elementor-post-type=\"page\">\n\t\t\t\t<div class=\"elementor-element elementor-element-d47740a e-flex e-con-boxed e-con e-parent\" data-id=\"d47740a\" data-element_type=\"container\">\n\t\t\t\t\t<div class=\"e-con-inner\">\n\t\t<div class=\"elementor-element elementor-element-75bd282 e-con-full e-flex e-con e-child\" data-id=\"75bd282\" data-element_type=\"container\">\n\t\t\t\t<div class=\"elementor-element elementor-element-3a7d538 elementor-widget elementor-widget-text-editor\" data-id=\"3a7d538\" data-element_type=\"widget\" data-widget_type=\"text-editor.default\">\n\t\t\t\t<div class=\"elementor-widget-container\">\n\t\t\t\t\t\t\t\t\t<h2>Des r\u00e9sultats renversants !<\/h2><p><img fetchpriority=\"high\" decoding=\"async\" class=\"alignright wp-image-151\" src=\"https:\/\/www.cliniquerenversante.com\/wp-content\/uploads\/2018\/10\/resultats_de_recherche.png\" alt=\"\" width=\"504\" height=\"282\" srcset=\"https:\/\/www.cliniquerenversante.com\/wp-content\/uploads\/2018\/10\/resultats_de_recherche.png 920w, https:\/\/www.cliniquerenversante.com\/wp-content\/uploads\/2018\/10\/resultats_de_recherche-300x168.png 300w, https:\/\/www.cliniquerenversante.com\/wp-content\/uploads\/2018\/10\/resultats_de_recherche-768x430.png 768w\" sizes=\"(max-width: 504px) 100vw, 504px\" \/>Un projet de recherche de l\u2019Universit\u00e9 de Sherbrooke a \u00e9t\u00e9 men\u00e9 \u00e0 la Clinique Renversante. Cette \u00e9tude visait \u00e0 \u00e9valuer l\u2019effet sur la sant\u00e9 cardiovasculaire de notre programme \u00e9ducatif de 12 semaines qui priorise les aliments v\u00e9g\u00e9taux minimalement transform\u00e9s. On peut en conclure que la Clinique Renversante est un concept innovateur qui facilite la transition vers de saines habitudes alimentaires et surtout permet d\u2019avoir des outils pour maintenir la motivation \u00e0 long terme puisqu\u2019elle modifie les valeurs impliqu\u00e9es dans les choix alimentaires.<\/p><p>\u00c9tienne Morin, l\u2019auteur de ce projet de recherche, a l\u2019espoir de contribuer \u00e0 allonger la vie en sant\u00e9 et un questionnement l\u2019a toujours anim\u00e9: Comment parvenir \u00e0 modifier les habitudes de vie de fa\u00e7on durable dans un environnement sous-optimal?<\/p><p>Il est important de faire des recherches de ce genre, car plus on aura de donn\u00e9es probantes sur les effets b\u00e9n\u00e9fiques d\u2019une alimentation v\u00e9g\u00e9tale, plus la communaut\u00e9 m\u00e9dicale la recommandera.<\/p><p>Voici le court r\u00e9sum\u00e9 ainsi que la version longue de l\u2019\u00e9tude qu\u2019\u00c9tienne Morin a men\u00e9 \u00e0 la Clinique Renversante.<\/p><p><a href=\"https:\/\/www.cliniquerenversante.com\/wp-content\/uploads\/2018\/10\/resultats_de_recherche_resume.pdf\">R\u00e9sum\u00e9 de la recherche<\/a><\/p><p><a href=\"https:\/\/www.cliniquerenversante.com\/wp-content\/uploads\/2018\/11\/resultats_de_recherche_complet.pdf\">\u00c9tude compl\u00e8te<\/a><\/p>\t\t\t\t\t\t\t\t<\/div>\n\t\t\t\t<\/div>\n\t\t\t\t<\/div>\n\t\t\t\t\t<\/div>\n\t\t\t\t<\/div>\n\t\t\t\t<\/div>\n\t\t","protected":false},"excerpt":{"rendered":"<p>Des r\u00e9sultats renversants ! Un projet de recherche de l\u2019Universit\u00e9 de Sherbrooke a \u00e9t\u00e9 men\u00e9 \u00e0 la Clinique Renversante. Cette \u00e9tude visait \u00e0 \u00e9valuer l\u2019effet sur la sant\u00e9 cardiovasculaire de notre programme \u00e9ducatif de 12 semaines qui priorise les aliments v\u00e9g\u00e9taux minimalement transform\u00e9s. On peut en conclure que la Clinique Renversante est un concept innovateur [&hellip;]<\/p>\n","protected":false},"author":2,"featured_media":58,"parent":0,"menu_order":0,"comment_status":"closed","ping_status":"closed","template":"","meta":{"footnotes":""},"class_list":["post-51","page","type-page","status-publish","has-post-thumbnail","hentry"],"yoast_head":"<!-- This site is optimized with the Yoast SEO plugin v26.6 - https:\/\/yoast.com\/wordpress\/plugins\/seo\/ -->\n<title>R\u00e9sultats de recherche - Clinique Renversante d&#039;Anne-Marie Roy<\/title>\n<meta name=\"robots\" content=\"index, follow, max-snippet:-1, max-image-preview:large, max-video-preview:-1\" \/>\n<link rel=\"canonical\" href=\"https:\/\/www.cliniquerenversante.com\/index.php\/resultats-de-recherche\/\" \/>\n<meta property=\"og:locale\" content=\"fr_CA\" \/>\n<meta property=\"og:type\" content=\"article\" \/>\n<meta property=\"og:title\" content=\"R\u00e9sultats de recherche - Clinique Renversante d&#039;Anne-Marie Roy\" \/>\n<meta property=\"og:description\" content=\"Des r\u00e9sultats renversants ! Un projet de recherche de l\u2019Universit\u00e9 de Sherbrooke a \u00e9t\u00e9 men\u00e9 \u00e0 la Clinique Renversante. Cette \u00e9tude visait \u00e0 \u00e9valuer l\u2019effet sur la sant\u00e9 cardiovasculaire de notre programme \u00e9ducatif de 12 semaines qui priorise les aliments v\u00e9g\u00e9taux minimalement transform\u00e9s. On peut en conclure que la Clinique Renversante est un concept innovateur [&hellip;]\" \/>\n<meta property=\"og:url\" content=\"https:\/\/www.cliniquerenversante.com\/index.php\/resultats-de-recherche\/\" \/>\n<meta property=\"og:site_name\" content=\"Clinique Renversante d&#039;Anne-Marie Roy\" \/>\n<meta property=\"article:publisher\" content=\"https:\/\/www.facebook.com\/cliniquerenversante\" \/>\n<meta property=\"article:modified_time\" content=\"2025-04-19T18:30:27+00:00\" \/>\n<meta property=\"og:image\" content=\"https:\/\/www.cliniquerenversante.com\/wp-content\/uploads\/2018\/10\/anim-02.png\" \/>\n\t<meta property=\"og:image:width\" content=\"612\" \/>\n\t<meta property=\"og:image:height\" content=\"334\" \/>\n\t<meta property=\"og:image:type\" content=\"image\/png\" \/>\n<meta name=\"twitter:card\" content=\"summary_large_image\" \/>\n<meta name=\"twitter:label1\" content=\"Estimation du temps de lecture\" \/>\n\t<meta name=\"twitter:data1\" content=\"2 minutes\" \/>\n<script type=\"application\/ld+json\" class=\"yoast-schema-graph\">{\"@context\":\"https:\/\/schema.org\",\"@graph\":[{\"@type\":\"WebPage\",\"@id\":\"https:\/\/www.cliniquerenversante.com\/index.php\/resultats-de-recherche\/\",\"url\":\"https:\/\/www.cliniquerenversante.com\/index.php\/resultats-de-recherche\/\",\"name\":\"R\u00e9sultats de recherche - Clinique Renversante d&#039;Anne-Marie Roy\",\"isPartOf\":{\"@id\":\"https:\/\/www.cliniquerenversante.com\/#website\"},\"primaryImageOfPage\":{\"@id\":\"https:\/\/www.cliniquerenversante.com\/index.php\/resultats-de-recherche\/#primaryimage\"},\"image\":{\"@id\":\"https:\/\/www.cliniquerenversante.com\/index.php\/resultats-de-recherche\/#primaryimage\"},\"thumbnailUrl\":\"https:\/\/www.cliniquerenversante.com\/wp-content\/uploads\/2018\/10\/anim-02.png\",\"datePublished\":\"2018-10-23T19:12:52+00:00\",\"dateModified\":\"2025-04-19T18:30:27+00:00\",\"breadcrumb\":{\"@id\":\"https:\/\/www.cliniquerenversante.com\/index.php\/resultats-de-recherche\/#breadcrumb\"},\"inLanguage\":\"fr-CA\",\"potentialAction\":[{\"@type\":\"ReadAction\",\"target\":[\"https:\/\/www.cliniquerenversante.com\/index.php\/resultats-de-recherche\/\"]}]},{\"@type\":\"ImageObject\",\"inLanguage\":\"fr-CA\",\"@id\":\"https:\/\/www.cliniquerenversante.com\/index.php\/resultats-de-recherche\/#primaryimage\",\"url\":\"https:\/\/www.cliniquerenversante.com\/wp-content\/uploads\/2018\/10\/anim-02.png\",\"contentUrl\":\"https:\/\/www.cliniquerenversante.com\/wp-content\/uploads\/2018\/10\/anim-02.png\",\"width\":612,\"height\":334},{\"@type\":\"BreadcrumbList\",\"@id\":\"https:\/\/www.cliniquerenversante.com\/index.php\/resultats-de-recherche\/#breadcrumb\",\"itemListElement\":[{\"@type\":\"ListItem\",\"position\":1,\"name\":\"Accueil\",\"item\":\"https:\/\/www.cliniquerenversante.com\/\"},{\"@type\":\"ListItem\",\"position\":2,\"name\":\"R\u00e9sultats de recherche\"}]},{\"@type\":\"WebSite\",\"@id\":\"https:\/\/www.cliniquerenversante.com\/#website\",\"url\":\"https:\/\/www.cliniquerenversante.com\/\",\"name\":\"Clinique Renversante d'Anne-Marie Roy\",\"description\":\"\",\"publisher\":{\"@id\":\"https:\/\/www.cliniquerenversante.com\/#organization\"},\"potentialAction\":[{\"@type\":\"SearchAction\",\"target\":{\"@type\":\"EntryPoint\",\"urlTemplate\":\"https:\/\/www.cliniquerenversante.com\/?s={search_term_string}\"},\"query-input\":{\"@type\":\"PropertyValueSpecification\",\"valueRequired\":true,\"valueName\":\"search_term_string\"}}],\"inLanguage\":\"fr-CA\"},{\"@type\":\"Organization\",\"@id\":\"https:\/\/www.cliniquerenversante.com\/#organization\",\"name\":\"Clinique Renversante d'Anne-Marie Roy\",\"url\":\"https:\/\/www.cliniquerenversante.com\/\",\"logo\":{\"@type\":\"ImageObject\",\"inLanguage\":\"fr-CA\",\"@id\":\"https:\/\/www.cliniquerenversante.com\/#\/schema\/logo\/image\/\",\"url\":\"https:\/\/www.cliniquerenversante.com\/wp-content\/uploads\/2018\/10\/logo.gif\",\"contentUrl\":\"https:\/\/www.cliniquerenversante.com\/wp-content\/uploads\/2018\/10\/logo.gif\",\"width\":348,\"height\":143,\"caption\":\"Clinique Renversante d'Anne-Marie Roy\"},\"image\":{\"@id\":\"https:\/\/www.cliniquerenversante.com\/#\/schema\/logo\/image\/\"},\"sameAs\":[\"https:\/\/www.facebook.com\/cliniquerenversante\"]}]}<\/script>\n<!-- \/ Yoast SEO plugin. -->","yoast_head_json":{"title":"R\u00e9sultats de recherche - Clinique Renversante d&#039;Anne-Marie Roy","robots":{"index":"index","follow":"follow","max-snippet":"max-snippet:-1","max-image-preview":"max-image-preview:large","max-video-preview":"max-video-preview:-1"},"canonical":"https:\/\/www.cliniquerenversante.com\/index.php\/resultats-de-recherche\/","og_locale":"fr_CA","og_type":"article","og_title":"R\u00e9sultats de recherche - Clinique Renversante d&#039;Anne-Marie Roy","og_description":"Des r\u00e9sultats renversants ! Un projet de recherche de l\u2019Universit\u00e9 de Sherbrooke a \u00e9t\u00e9 men\u00e9 \u00e0 la Clinique Renversante. Cette \u00e9tude visait \u00e0 \u00e9valuer l\u2019effet sur la sant\u00e9 cardiovasculaire de notre programme \u00e9ducatif de 12 semaines qui priorise les aliments v\u00e9g\u00e9taux minimalement transform\u00e9s. On peut en conclure que la Clinique Renversante est un concept innovateur [&hellip;]","og_url":"https:\/\/www.cliniquerenversante.com\/index.php\/resultats-de-recherche\/","og_site_name":"Clinique Renversante d&#039;Anne-Marie Roy","article_publisher":"https:\/\/www.facebook.com\/cliniquerenversante","article_modified_time":"2025-04-19T18:30:27+00:00","og_image":[{"width":612,"height":334,"url":"https:\/\/www.cliniquerenversante.com\/wp-content\/uploads\/2018\/10\/anim-02.png","type":"image\/png"}],"twitter_card":"summary_large_image","twitter_misc":{"Estimation du temps de lecture":"2 minutes"},"schema":{"@context":"https:\/\/schema.org","@graph":[{"@type":"WebPage","@id":"https:\/\/www.cliniquerenversante.com\/index.php\/resultats-de-recherche\/","url":"https:\/\/www.cliniquerenversante.com\/index.php\/resultats-de-recherche\/","name":"R\u00e9sultats de recherche - Clinique Renversante d&#039;Anne-Marie Roy","isPartOf":{"@id":"https:\/\/www.cliniquerenversante.com\/#website"},"primaryImageOfPage":{"@id":"https:\/\/www.cliniquerenversante.com\/index.php\/resultats-de-recherche\/#primaryimage"},"image":{"@id":"https:\/\/www.cliniquerenversante.com\/index.php\/resultats-de-recherche\/#primaryimage"},"thumbnailUrl":"https:\/\/www.cliniquerenversante.com\/wp-content\/uploads\/2018\/10\/anim-02.png","datePublished":"2018-10-23T19:12:52+00:00","dateModified":"2025-04-19T18:30:27+00:00","breadcrumb":{"@id":"https:\/\/www.cliniquerenversante.com\/index.php\/resultats-de-recherche\/#breadcrumb"},"inLanguage":"fr-CA","potentialAction":[{"@type":"ReadAction","target":["https:\/\/www.cliniquerenversante.com\/index.php\/resultats-de-recherche\/"]}]},{"@type":"ImageObject","inLanguage":"fr-CA","@id":"https:\/\/www.cliniquerenversante.com\/index.php\/resultats-de-recherche\/#primaryimage","url":"https:\/\/www.cliniquerenversante.com\/wp-content\/uploads\/2018\/10\/anim-02.png","contentUrl":"https:\/\/www.cliniquerenversante.com\/wp-content\/uploads\/2018\/10\/anim-02.png","width":612,"height":334},{"@type":"BreadcrumbList","@id":"https:\/\/www.cliniquerenversante.com\/index.php\/resultats-de-recherche\/#breadcrumb","itemListElement":[{"@type":"ListItem","position":1,"name":"Accueil","item":"https:\/\/www.cliniquerenversante.com\/"},{"@type":"ListItem","position":2,"name":"R\u00e9sultats de recherche"}]},{"@type":"WebSite","@id":"https:\/\/www.cliniquerenversante.com\/#website","url":"https:\/\/www.cliniquerenversante.com\/","name":"Clinique Renversante d'Anne-Marie Roy","description":"","publisher":{"@id":"https:\/\/www.cliniquerenversante.com\/#organization"},"potentialAction":[{"@type":"SearchAction","target":{"@type":"EntryPoint","urlTemplate":"https:\/\/www.cliniquerenversante.com\/?s={search_term_string}"},"query-input":{"@type":"PropertyValueSpecification","valueRequired":true,"valueName":"search_term_string"}}],"inLanguage":"fr-CA"},{"@type":"Organization","@id":"https:\/\/www.cliniquerenversante.com\/#organization","name":"Clinique Renversante d'Anne-Marie Roy","url":"https:\/\/www.cliniquerenversante.com\/","logo":{"@type":"ImageObject","inLanguage":"fr-CA","@id":"https:\/\/www.cliniquerenversante.com\/#\/schema\/logo\/image\/","url":"https:\/\/www.cliniquerenversante.com\/wp-content\/uploads\/2018\/10\/logo.gif","contentUrl":"https:\/\/www.cliniquerenversante.com\/wp-content\/uploads\/2018\/10\/logo.gif","width":348,"height":143,"caption":"Clinique Renversante d'Anne-Marie Roy"},"image":{"@id":"https:\/\/www.cliniquerenversante.com\/#\/schema\/logo\/image\/"},"sameAs":["https:\/\/www.facebook.com\/cliniquerenversante"]}]}},"_links":{"self":[{"href":"https:\/\/www.cliniquerenversante.com\/index.php\/wp-json\/wp\/v2\/pages\/51","targetHints":{"allow":["GET"]}}],"collection":[{"href":"https:\/\/www.cliniquerenversante.com\/index.php\/wp-json\/wp\/v2\/pages"}],"about":[{"href":"https:\/\/www.cliniquerenversante.com\/index.php\/wp-json\/wp\/v2\/types\/page"}],"author":[{"embeddable":true,"href":"https:\/\/www.cliniquerenversante.com\/index.php\/wp-json\/wp\/v2\/users\/2"}],"replies":[{"embeddable":true,"href":"https:\/\/www.cliniquerenversante.com\/index.php\/wp-json\/wp\/v2\/comments?post=51"}],"version-history":[{"count":7,"href":"https:\/\/www.cliniquerenversante.com\/index.php\/wp-json\/wp\/v2\/pages\/51\/revisions"}],"predecessor-version":[{"id":495,"href":"https:\/\/www.cliniquerenversante.com\/index.php\/wp-json\/wp\/v2\/pages\/51\/revisions\/495"}],"wp:featuredmedia":[{"embeddable":true,"href":"https:\/\/www.cliniquerenversante.com\/index.php\/wp-json\/wp\/v2\/media\/58"}],"wp:attachment":[{"href":"https:\/\/www.cliniquerenversante.com\/index.php\/wp-json\/wp\/v2\/media?parent=51"}],"curies":[{"name":"wp","href":"https:\/\/api.w.org\/{rel}","templated":true}]}}